{"id":46,"date":"2020-11-16T10:33:58","date_gmt":"2020-11-16T10:33:58","guid":{"rendered":"http:\/\/www.areeproadattive.polimi.it\/?page_id=46"},"modified":"2023-04-19T10:26:55","modified_gmt":"2023-04-19T10:26:55","slug":"homepage-apa","status":"publish","type":"page","link":"https:\/\/www.areeproadattive.polimi.it\/","title":{"rendered":"AP+A"},"content":{"rendered":"\n<p><strong>\u201cAREE PRODUTTIVE AREE PROADATTIVE (AP+A)\u201d&nbsp;<\/strong>promuove strategie e azioni di sostenibilit\u00e0, mitigazione e adattamento nei distretti produttivi e commerciali della Citt\u00e0 metropolitana di Milano, perseguendo gli ambiziosi obiettivi di sviluppo sostenibile (<a rel=\"noreferrer noopener\" href=\"https:\/\/sdgs.un.org\/goals\" target=\"_blank\">Sustainable Development Goals, SDG<\/a>) dell\u2019Agenda 2030 delle Nazioni Unite e della <a href=\"https:\/\/www.minambiente.it\/pagina\/la-strategia-nazionale-lo-sviluppo-sostenibile\" data-type=\"URL\" data-id=\"https:\/\/www.minambiente.it\/pagina\/la-strategia-nazionale-lo-sviluppo-sostenibile\">Strategia Nazionale di Sviluppo Sostenibile.<\/a>&nbsp;<\/p>\n\n\n\n<p>Il progetto \u00e8 promosso dal Politecnico di Milano, Dipartimento di Architettura e Studi Urbani e finanziato dal Ministero dell&#8217;Ambiente e Sicurezza Energetica (ex MiTE, ex MATTM) nell\u2019ambito della Strategia Nazionale di Sviluppo Sostenibile.&nbsp;<\/p>\n\n\n\n<p>AP+A aderisce a <a href=\"https:\/\/www.eccellenza.dastu.polimi.it\/\" data-type=\"URL\" data-id=\"https:\/\/www.eccellenza.dastu.polimi.it\/\">Territori Fragili<\/a>, Progetto d&#8217;Eccellanza Dastu 2018-2022.<\/p>\n\n\n\n<figure class=\"wp-block-image size-large\"><img loading=\"lazy\" decoding=\"async\" width=\"1011\" height=\"69\" src=\"https:\/\/www.areeproadattive.polimi.it\/wp-content\/uploads\/2020\/11\/strip-shed-1.png\" alt=\"\" class=\"wp-image-144\" srcset=\"https:\/\/www.areeproadattive.polimi.it\/wp-content\/uploads\/2020\/11\/strip-shed-1.png 1011w, https:\/\/www.areeproadattive.polimi.it\/wp-content\/uploads\/2020\/11\/strip-shed-1-300x20.png 300w, https:\/\/www.areeproadattive.polimi.it\/wp-content\/uploads\/2020\/11\/strip-shed-1-768x52.png 768w\" sizes=\"auto, (max-width: 706px) 89vw, (max-width: 767px) 82vw, 740px\" \/><\/figure>\n\n\n\n<h2 class=\"wp-block-heading\"><mark style=\"background-color:rgba(0, 0, 0, 0);color:#1fc724\" class=\"has-inline-color\"><strong>NEWS!<\/strong> <\/mark><\/h2>\n\n\n\n<p>15 marzo 2023 | Seminario <strong><a href=\"https:\/\/www.areeproadattive.polimi.it\/?page_id=598\" data-type=\"page\" data-id=\"598\">STRATEGIE E STRUMENTI PER LA RIGENERAZIONE SOSTENIBILE E ADATTIVA DELLE AREE PRODUTTIVE<\/a><\/strong>.  Ore  14:30\u00a0presso il Politecnico di Milano, Aula Rogers, Edificio 11, via Ampere 2 \/\/ L\u2019evento mira ad illustrare il ruolo e il contributo degli enti locali e dei professionisti nel promuovere la progressiva transizione verso la sostenibilit\u00e0 e adattamento delle aree produttive ai cambiamenti climatici attraverso la pianificazione urbanistica e la progettazione urbana e architettonica. Nello specifico, il seminario presenter\u00e0 e discuter\u00e0 strumenti regolativi per la transizione delle aree produttive. In particolare, verr\u00e0 presentata l\u2019esperienza maturata dal Comune di Pero, Citt\u00e0 metropolitana di Milano, nell\u2019ambito della Variante al PGT, nella quale \u00e8 stato approfondito il tema della rigenerazione sostenibile e pro-adattiva delle aree produttive, industriali e commerciali, intese come come luoghi in cui sperimentare soluzioni e strumenti di pianificazione e progettazione mirate alla mitigazione e all\u2019adattamento dei cambiamenti climatici. [<a href=\"https:\/\/www.areeproadattive.polimi.it\/?page_id=598\" data-type=\"page\" data-id=\"598\">Informazioni e documentazione qui<\/a>]<\/p>\n\n\n\n<figure class=\"wp-block-image size-large\"><img decoding=\"async\" src=\"https:\/\/www.areeproadattive.polimi.it\/wp-content\/uploads\/2023\/03\/Seminario-Aree-ProAdattive-Pero-230315.jpg\" alt=\"\"\/><\/figure>\n\n\n\n<hr class=\"wp-block-separator has-alpha-channel-opacity\"\/>\n\n\n\n<p>28 febbraio 2022 | Gli <strong>esiti del progetto di ricerca &#8220;Aree Produttive, Aree Pro-Adattive (AP+A)<\/strong>&#8221; sono stati presentati luned\u00ec 28 febbraio a Palazzo Isimbardi, nell&#8217;ambito della conferenza dedicata alle strategie e progetti che Citt\u00e0 metropolitana di Milano sta promuovendo per mettere in pratica la Strategia Nazionale dello Sviluppo Sostenibile (#SNSvS) e l&#8217;Agenda Metropolitana Urbana per lo Sviluppo Sostenibile.<br>[ <a href=\"https:\/\/www.areeproadattive.polimi.it\/?page_id=173\" data-type=\"page\" data-id=\"173\">qui troverete pi\u00f9 informazioni<\/a> ]<\/p>\n\n\n\n<figure class=\"wp-block-image size-large\"><a href=\"https:\/\/www.areeproadattive.polimi.it\/wp-content\/uploads\/2022\/03\/20220228_APA_Conferenza-conclusiva.pdf\"><img loading=\"lazy\" decoding=\"async\" width=\"1024\" height=\"576\" src=\"https:\/\/www.areeproadattive.polimi.it\/wp-content\/uploads\/2022\/03\/20220228_APA_Conferenza-conclusiva-cover-1024x576.jpg\" alt=\"\" class=\"wp-image-403\" srcset=\"https:\/\/www.areeproadattive.polimi.it\/wp-content\/uploads\/2022\/03\/20220228_APA_Conferenza-conclusiva-cover-1024x576.jpg 1024w, https:\/\/www.areeproadattive.polimi.it\/wp-content\/uploads\/2022\/03\/20220228_APA_Conferenza-conclusiva-cover-300x169.jpg 300w, https:\/\/www.areeproadattive.polimi.it\/wp-content\/uploads\/2022\/03\/20220228_APA_Conferenza-conclusiva-cover-768x432.jpg 768w, https:\/\/www.areeproadattive.polimi.it\/wp-content\/uploads\/2022\/03\/20220228_APA_Conferenza-conclusiva-cover.jpg 1280w\" sizes=\"auto, (max-width: 706px) 89vw, (max-width: 767px) 82vw, 740px\" \/><\/a><\/figure>\n\n\n\n<hr class=\"wp-block-separator has-css-opacity\"\/>\n\n\n\n<p> Il 2 febbraio 2022 si \u00e8 svolto il primo Living Lab Pero 2030 nell&#8217;ambito della Variante del PGT del Comune, incentrato sulla rigenerazione sostenibile e adattiva delle aree produttive. Abbiamo raccolto molte istanze, sfide e opportunit\u00e0 dalle imprese locali. Si avvia un percorso di scambio di informazioni, idee per esplorare possibili sinergie e progettualit\u00e0.<\/p>\n\n\n\n<figure class=\"wp-block-image size-large\"><img loading=\"lazy\" decoding=\"async\" width=\"1024\" height=\"857\" src=\"https:\/\/www.areeproadattive.polimi.it\/wp-content\/uploads\/2022\/02\/2-1024x857.jpg\" alt=\"\" class=\"wp-image-379\" srcset=\"https:\/\/www.areeproadattive.polimi.it\/wp-content\/uploads\/2022\/02\/2-1024x857.jpg 1024w, https:\/\/www.areeproadattive.polimi.it\/wp-content\/uploads\/2022\/02\/2-300x251.jpg 300w, https:\/\/www.areeproadattive.polimi.it\/wp-content\/uploads\/2022\/02\/2-768x643.jpg 768w, https:\/\/www.areeproadattive.polimi.it\/wp-content\/uploads\/2022\/02\/2-1536x1286.jpg 1536w, https:\/\/www.areeproadattive.polimi.it\/wp-content\/uploads\/2022\/02\/2-2048x1714.jpg 2048w\" sizes=\"auto, (max-width: 706px) 89vw, (max-width: 767px) 82vw, 740px\" \/><figcaption class=\"wp-element-caption\">Analisi SWOT elaborata durante il workshop online (2 febbraio 2022)<\/figcaption><\/figure>\n\n\n\n<hr class=\"wp-block-separator has-css-opacity\"\/>\n\n\n<div class=\"wp-block-image\">\n<figure class=\"alignleft size-full is-resized\"><img loading=\"lazy\" decoding=\"async\" src=\"https:\/\/www.areeproadattive.polimi.it\/wp-content\/uploads\/2022\/01\/logo-Pero-2030-variante-PGT-1.png\" alt=\"\" class=\"wp-image-355\" width=\"162\" height=\"138\" srcset=\"https:\/\/www.areeproadattive.polimi.it\/wp-content\/uploads\/2022\/01\/logo-Pero-2030-variante-PGT-1.png 555w, https:\/\/www.areeproadattive.polimi.it\/wp-content\/uploads\/2022\/01\/logo-Pero-2030-variante-PGT-1-300x255.png 300w\" sizes=\"auto, (max-width: 162px) 100vw, 162px\" \/><\/figure>\n<\/div>\n\n\n<p>Nel gennaio 2022 partono i lavori del living lab delle aree produttive e commerciali del Comune di Pero (MI) a supporto del percorso in atto di <a href=\"https:\/\/www.comune.pero.mi.it\/servizi\/Menu\/dinamica.aspx?idSezione=616&amp;idArea=23369&amp;idCat=20762&amp;ID=29248&amp;TipoElemento=categoria\" data-type=\"URL\" data-id=\"https:\/\/www.comune.pero.mi.it\/servizi\/Menu\/dinamica.aspx?idSezione=616&amp;idArea=23369&amp;idCat=20762&amp;ID=29248&amp;TipoElemento=categoria\">Variante al Piano di Governo del Territorio &#8211; Pero 2030<\/a>. Il living lab di Pero 2030 sar\u00e0 attivato su tre workshop di co-progettazione (tra febbraio ed aprile 2022) insieme agli attori del territorio e in particolare le aziende e imprese locali attive nelle aree produttive del Comune. Il percorso previsto riprende e aggiorna l&#8217;esperienza del <a href=\"https:\/\/www.areeproadattive.polimi.it\/?page_id=208\" data-type=\"page\" data-id=\"208\">living lab di Trezzano s\/N<\/a> condotta nel 2021, con l&#8217;obiettivo di diffondere l&#8217;approccio collaborativo alla rigenerazione sostenibile e resiliente delle aree produttive di Citt\u00e0 metropolitana di Milano.  [ <a href=\"https:\/\/www.areeproadattive.polimi.it\/?page_id=332\" data-type=\"page\" data-id=\"332\">qui la pagina dedicata al Living Lab Pero 2030 ]<\/a><\/p>\n\n\n\n<hr class=\"wp-block-separator has-css-opacity\"\/>\n\n\n\n<p>Il 22 novembre 2021, presso gli spazi di <a href=\"https:\/\/digtechs.com\/\" data-type=\"URL\" data-id=\"https:\/\/digtechs.com\/\">Digital Technologies<\/a>, si \u00e8 svolto il <strong>quarto e ultimo workshop del Living Lab di Trezzano s\/N<\/strong>. Insieme alle aziende che ci hanno seguito in questo ricco percorso abbiamo discusso azioni progettuali e prospettive di governance future verso distretti produttivi pro-adattivi.<\/p>\n\n\n\n<figure class=\"wp-block-image size-large\"><img loading=\"lazy\" decoding=\"async\" width=\"1024\" height=\"243\" src=\"https:\/\/www.areeproadattive.polimi.it\/wp-content\/uploads\/2021\/11\/ws3-trezzano-1024x243.jpg\" alt=\"\" class=\"wp-image-328\" srcset=\"https:\/\/www.areeproadattive.polimi.it\/wp-content\/uploads\/2021\/11\/ws3-trezzano-1024x243.jpg 1024w, https:\/\/www.areeproadattive.polimi.it\/wp-content\/uploads\/2021\/11\/ws3-trezzano-300x71.jpg 300w, https:\/\/www.areeproadattive.polimi.it\/wp-content\/uploads\/2021\/11\/ws3-trezzano-768x183.jpg 768w, https:\/\/www.areeproadattive.polimi.it\/wp-content\/uploads\/2021\/11\/ws3-trezzano-1536x365.jpg 1536w, https:\/\/www.areeproadattive.polimi.it\/wp-content\/uploads\/2021\/11\/ws3-trezzano-2000x477.jpg 2000w, https:\/\/www.areeproadattive.polimi.it\/wp-content\/uploads\/2021\/11\/ws3-trezzano.jpg 2007w\" sizes=\"auto, (max-width: 706px) 89vw, (max-width: 767px) 82vw, 740px\" \/><\/figure>\n\n\n\n<hr class=\"wp-block-separator has-css-opacity\"\/>\n\n\n\n<p>Il 4 ottobre 2021 abbiamo presento l&#8217;esperienza AP+A e il lavoro di co-progettazione in corso a Trezzano SN in un seminario online dal titolo &#8220;<strong>VERSO DISTRETTI PRODUTTIVI PRO-ADATTIVI E SOSTENIBILI<\/strong>&#8220;. [ <a href=\"https:\/\/www.areeproadattive.polimi.it\/?page_id=306\" data-type=\"page\" data-id=\"306\">qui pi\u00f9 informazioni<\/a> | <a href=\"https:\/\/festivalsvilupposostenibile.it\/2021\/cal\/390\/verso-distretti-produttivi-pro-adattivi-e-sostenibili-il-progetto-di-ricerca-ap-a-e-lesperienza-del-living-lab-di-trezzano-sul-naviglio#.YU25WbgzY2w\" data-type=\"URL\" data-id=\"https:\/\/festivalsvilupposostenibile.it\/2021\/cal\/390\/verso-distretti-produttivi-pro-adattivi-e-sostenibili-il-progetto-di-ricerca-ap-a-e-lesperienza-del-living-lab-di-trezzano-sul-naviglio#.YU25WbgzY2w\">qui nella rassegna del Festival dello Sviluppo Sostenibile 2021<\/a> | <a href=\"https:\/\/youtu.be\/u8VFqelBMyw\" data-type=\"URL\" data-id=\"https:\/\/youtu.be\/u8VFqelBMyw\">video dell&#8217;evento<\/a> ] <\/p>\n\n\n\n<hr class=\"wp-block-separator has-css-opacity\"\/>\n\n\n\n<p class=\"has-text-align-center\"><mark style=\"background-color:rgba(0, 0, 0, 0)\" class=\"has-inline-color has-white-color\">.<\/mark><\/p>\n\n\n\n<p class=\"has-text-align-left\"><strong>Contatti <\/strong><\/p>\n\n\n\n<p class=\"has-text-align-left\">Per informazioni potete rivolgervi a: Marcello Magoni | ccrrlab@polimi.it <\/p>\n\n\n\n<p><\/p>\n\n\n\n<figure class=\"wp-block-image size-large\"><img loading=\"lazy\" decoding=\"async\" width=\"1024\" height=\"221\" src=\"https:\/\/www.areeproadattive.polimi.it\/wp-content\/uploads\/2022\/01\/credits-apa-1024x221.jpg\" alt=\"\" class=\"wp-image-351\" srcset=\"https:\/\/www.areeproadattive.polimi.it\/wp-content\/uploads\/2022\/01\/credits-apa-1024x221.jpg 1024w, https:\/\/www.areeproadattive.polimi.it\/wp-content\/uploads\/2022\/01\/credits-apa-300x65.jpg 300w, https:\/\/www.areeproadattive.polimi.it\/wp-content\/uploads\/2022\/01\/credits-apa-768x165.jpg 768w, https:\/\/www.areeproadattive.polimi.it\/wp-content\/uploads\/2022\/01\/credits-apa.jpg 1379w\" sizes=\"auto, (max-width: 706px) 89vw, (max-width: 767px) 82vw, 740px\" \/><\/figure>\n","protected":false},"excerpt":{"rendered":"<p>\u201cAREE PRODUTTIVE AREE PROADATTIVE (AP+A)\u201d&nbsp;promuove strategie e azioni di sostenibilit\u00e0, mitigazione e adattamento nei distretti produttivi e commerciali della Citt\u00e0 metropolitana di Milano, perseguendo gli ambiziosi obiettivi di sviluppo sostenibile (Sustainable Development Goals, SDG) dell\u2019Agenda 2030 delle Nazioni Unite e della Strategia Nazionale di Sviluppo Sostenibile.&nbsp; Il progetto \u00e8 promosso dal Politecnico di Milano, Dipartimento &hellip; <\/p>\n<p class=\"link-more\"><a href=\"https:\/\/www.areeproadattive.polimi.it\/\" class=\"more-link\">Continue reading<span class=\"screen-reader-text\"> &#8220;AP+A&#8221;<\/span><\/a><\/p>\n","protected":false},"author":2,"featured_media":0,"parent":0,"menu_order":0,"comment_status":"closed","ping_status":"closed","template":"","meta":{"footnotes":""},"class_list":["post-46","page","type-page","status-publish","hentry"],"_links":{"self":[{"href":"https:\/\/www.areeproadattive.polimi.it\/index.php?rest_route=\/wp\/v2\/pages\/46","targetHints":{"allow":["GET"]}}],"collection":[{"href":"https:\/\/www.areeproadattive.polimi.it\/index.php?rest_route=\/wp\/v2\/pages"}],"about":[{"href":"https:\/\/www.areeproadattive.polimi.it\/index.php?rest_route=\/wp\/v2\/types\/page"}],"author":[{"embeddable":true,"href":"https:\/\/www.areeproadattive.polimi.it\/index.php?rest_route=\/wp\/v2\/users\/2"}],"replies":[{"embeddable":true,"href":"https:\/\/www.areeproadattive.polimi.it\/index.php?rest_route=%2Fwp%2Fv2%2Fcomments&post=46"}],"version-history":[{"count":60,"href":"https:\/\/www.areeproadattive.polimi.it\/index.php?rest_route=\/wp\/v2\/pages\/46\/revisions"}],"predecessor-version":[{"id":644,"href":"https:\/\/www.areeproadattive.polimi.it\/index.php?rest_route=\/wp\/v2\/pages\/46\/revisions\/644"}],"wp:attachment":[{"href":"https:\/\/www.areeproadattive.polimi.it\/index.php?rest_route=%2Fwp%2Fv2%2Fmedia&parent=46"}],"curies":[{"name":"wp","href":"https:\/\/api.w.org\/{rel}","templated":true}]}}