{"id":332,"date":"2022-01-07T14:45:44","date_gmt":"2022-01-07T14:45:44","guid":{"rendered":"https:\/\/www.areeproadattive.polimi.it\/?page_id=332"},"modified":"2022-05-26T15:47:00","modified_gmt":"2022-05-26T15:47:00","slug":"pero-living-lab","status":"publish","type":"page","link":"https:\/\/www.areeproadattive.polimi.it\/?page_id=332","title":{"rendered":"Living Lab Pero 2030"},"content":{"rendered":"\n<p>Nel gennaio 2022 abbiamo avviato i lavori del living lab delle aree produttive e commerciali del <a href=\"https:\/\/www.comune.pero.mi.it\/servizi\/notizie\/notizie_homepage.aspx\" data-type=\"URL\" data-id=\"https:\/\/www.comune.pero.mi.it\/servizi\/notizie\/notizie_homepage.aspx\">Comune di Pero (MI)<\/a> a supporto del percorso in atto di <a href=\"https:\/\/www.comune.pero.mi.it\/servizi\/Menu\/dinamica.aspx?idSezione=616&amp;idArea=23369&amp;idCat=20762&amp;ID=29248&amp;TipoElemento=categoria\" data-type=\"URL\" data-id=\"https:\/\/www.comune.pero.mi.it\/servizi\/Menu\/dinamica.aspx?idSezione=616&amp;idArea=23369&amp;idCat=20762&amp;ID=29248&amp;TipoElemento=categoria\">Variante al Piano di Governo del Territorio &#8211; Pero 2030<\/a>. Il living lab di Pero 2030 sar\u00e0 attivato su tre workshop di co-progettazione (tra febbraio ed aprile 2022) insieme agli attori del territorio e in particolare le aziende e imprese locali attive nelle aree produttive del Comune. Il percorso previsto riprende e aggiorna l&#8217;esperienza del <a href=\"https:\/\/www.areeproadattive.polimi.it\/?page_id=208\" data-type=\"page\" data-id=\"208\">living lab di Trezzano s\/N<\/a> condotta nel 2021, con l&#8217;obiettivo di diffondere l&#8217;approccio collaborativo alla rigenerazione sostenibile e resiliente delle aree produttive di Citt\u00e0 metropolitana di Milano.<\/p>\n\n\n\n<figure class=\"wp-block-image size-large\"><img loading=\"lazy\" decoding=\"async\" width=\"1024\" height=\"194\" src=\"https:\/\/www.areeproadattive.polimi.it\/wp-content\/uploads\/2022\/02\/banner-Pero2030-1024x194.png\" alt=\"\" class=\"wp-image-382\" srcset=\"https:\/\/www.areeproadattive.polimi.it\/wp-content\/uploads\/2022\/02\/banner-Pero2030-1024x194.png 1024w, https:\/\/www.areeproadattive.polimi.it\/wp-content\/uploads\/2022\/02\/banner-Pero2030-300x57.png 300w, https:\/\/www.areeproadattive.polimi.it\/wp-content\/uploads\/2022\/02\/banner-Pero2030-768x145.png 768w, https:\/\/www.areeproadattive.polimi.it\/wp-content\/uploads\/2022\/02\/banner-Pero2030.png 1460w\" sizes=\"auto, (max-width: 706px) 89vw, (max-width: 767px) 82vw, 740px\" \/><\/figure>\n\n\n\n<hr class=\"wp-block-separator\"\/>\n\n\n\n<p class=\"has-text-align-center\"><strong><em>Partecipa!<\/em><\/strong><\/p>\n\n\n\n<p><strong>Mi interessa conoscere le attivit\u00e0 programmate e partecipare al<\/strong>&nbsp;\u201c<strong><a href=\"https:\/\/www.areeproadattive.polimi.it\/?page_id=332\">Living Lab Aree pro-adattive di Pero 2030<\/a>\u201d&nbsp;<\/strong>\/ Sei interessato in particolare alle attivit\u00e0 previste per il living lab di Pero? Rappresenti un attore economico locale, un\u2019sasociazione o sei un cittadino interessato a conoscere il dibattito? Contattaci compilando il modulo:<\/p>\n\n\n\n<p class=\"has-text-align-center\"><em><a href=\"https:\/\/forms.office.com\/r\/wLi0Upfdvp\">Modulo di registrazione: Partecipa al Living Lab di Pero 2030<\/a>!<\/em><\/p>\n\n\n\n<figure class=\"wp-block-image size-full\"><a href=\"https:\/\/www.comune.pero.mi.it\/servizi\/Menu\/dinamica.aspx?idSezione=616&amp;idArea=23369&amp;idCat=20762&amp;ID=29248&amp;TipoElemento=categoria\"><img loading=\"lazy\" decoding=\"async\" width=\"787\" height=\"406\" src=\"https:\/\/www.areeproadattive.polimi.it\/wp-content\/uploads\/2022\/03\/LOGHI-PERO.jpg\" alt=\"\" class=\"wp-image-409\" srcset=\"https:\/\/www.areeproadattive.polimi.it\/wp-content\/uploads\/2022\/03\/LOGHI-PERO.jpg 787w, https:\/\/www.areeproadattive.polimi.it\/wp-content\/uploads\/2022\/03\/LOGHI-PERO-300x155.jpg 300w, https:\/\/www.areeproadattive.polimi.it\/wp-content\/uploads\/2022\/03\/LOGHI-PERO-768x396.jpg 768w\" sizes=\"auto, (max-width: 706px) 89vw, (max-width: 767px) 82vw, 740px\" \/><\/a><\/figure>\n\n\n\n<p><\/p>\n\n\n\n<hr class=\"wp-block-separator\"\/>\n\n\n\n<p><strong>Workshop 1 <\/strong><\/p>\n\n\n\n<p><strong>2 febbraio 2022 &#8211; Primo Workshop di co-progettazione<\/strong><\/p>\n\n\n\n<p>Il primo Living Lab Pero 2030 nell&#8217;ambito della Variante del PGT del Comune ha affrontato le sfide dalla rigenerazione sostenibile e adattiva delle aree produttive. Nella prima parte dell&#8217;incontro il Comune e il Centro Studi PIM hanno presentato gli studi, analisi e strategie della variante al PGT, oggetto di discussione durante il percorso partecipativo. ha Attraverso un&#8217;attivit\u00e0 collaborativa basata su un&#8217;analisi SWOT, abbiamo raccolto molte istanze, criticit\u00e0 e opportunit\u00e0 grazie all&#8217;ascolto dell&#8217;esperienza e conoscenza del contesto da parte delle imprese locali che operano a Pero. Si avviano una piattaforma e un percorso di scambio di informazioni, idee per esplorare possibili sinergie e progettualit\u00e0.<\/p>\n\n\n\n<figure class=\"wp-block-image size-large\"><img loading=\"lazy\" decoding=\"async\" width=\"1024\" height=\"857\" src=\"https:\/\/www.areeproadattive.polimi.it\/wp-content\/uploads\/2022\/02\/2-1-1024x857.jpg\" alt=\"\" class=\"wp-image-386\" srcset=\"https:\/\/www.areeproadattive.polimi.it\/wp-content\/uploads\/2022\/02\/2-1-1024x857.jpg 1024w, https:\/\/www.areeproadattive.polimi.it\/wp-content\/uploads\/2022\/02\/2-1-300x251.jpg 300w, https:\/\/www.areeproadattive.polimi.it\/wp-content\/uploads\/2022\/02\/2-1-768x643.jpg 768w, https:\/\/www.areeproadattive.polimi.it\/wp-content\/uploads\/2022\/02\/2-1-1536x1286.jpg 1536w, https:\/\/www.areeproadattive.polimi.it\/wp-content\/uploads\/2022\/02\/2-1-2048x1714.jpg 2048w\" sizes=\"auto, (max-width: 706px) 89vw, (max-width: 767px) 82vw, 740px\" \/><figcaption>Analsis SWOT elaborata durante il primo workshop con le aziende di Pero<\/figcaption><\/figure>\n\n\n\n<hr class=\"wp-block-separator\"\/>\n\n\n\n<p><strong>Workshop 2 <\/strong><\/p>\n\n\n\n<p><strong>16 marzo 2022 &#8211; Secondo Workshop di co-progettazione: soluzioni di mitigazione<\/strong><\/p>\n\n\n\n<hr class=\"wp-block-separator\"\/>\n\n\n\n<p><strong>Workshop 3 <\/strong><\/p>\n\n\n\n<p><strong>13 aprile 2022 &#8211; Terzo Workshop di co-progettazione: soluzioni di adattamento<\/strong><\/p>\n\n\n\n<p><\/p>\n\n\n\n<p><strong>News<\/strong><\/p>\n\n\n\n<p>18\/01\/2022 | <a href=\"https:\/\/www.sempionenews.it\/istituzioni\/pero-presenta-la-variante-al-piano-di-governo-del-territorio\/\"><em>Sempione News<\/em> &#8211; Pero presenta la variante al PGT<\/a><\/p>\n\n\n\n<p><\/p>\n\n\n\n<p><\/p>\n\n\n\n<p><\/p>\n\n\n\n<p><\/p>\n","protected":false},"excerpt":{"rendered":"<p>Nel gennaio 2022 abbiamo avviato i lavori del living lab delle aree produttive e commerciali del Comune di Pero (MI) a supporto del percorso in atto di Variante al Piano di Governo del Territorio &#8211; Pero 2030. Il living lab di Pero 2030 sar\u00e0 attivato su tre workshop di co-progettazione (tra febbraio ed aprile 2022) &hellip; <\/p>\n<p class=\"link-more\"><a href=\"https:\/\/www.areeproadattive.polimi.it\/?page_id=332\" class=\"more-link\">Continue reading<span class=\"screen-reader-text\"> &#8220;Living Lab Pero 2030&#8221;<\/span><\/a><\/p>\n","protected":false},"author":2,"featured_media":0,"parent":0,"menu_order":0,"comment_status":"closed","ping_status":"closed","template":"","meta":{"footnotes":""},"class_list":["post-332","page","type-page","status-publish","hentry"],"_links":{"self":[{"href":"https:\/\/www.areeproadattive.polimi.it\/index.php?rest_route=\/wp\/v2\/pages\/332","targetHints":{"allow":["GET"]}}],"collection":[{"href":"https:\/\/www.areeproadattive.polimi.it\/index.php?rest_route=\/wp\/v2\/pages"}],"about":[{"href":"https:\/\/www.areeproadattive.polimi.it\/index.php?rest_route=\/wp\/v2\/types\/page"}],"author":[{"embeddable":true,"href":"https:\/\/www.areeproadattive.polimi.it\/index.php?rest_route=\/wp\/v2\/users\/2"}],"replies":[{"embeddable":true,"href":"https:\/\/www.areeproadattive.polimi.it\/index.php?rest_route=%2Fwp%2Fv2%2Fcomments&post=332"}],"version-history":[{"count":28,"href":"https:\/\/www.areeproadattive.polimi.it\/index.php?rest_route=\/wp\/v2\/pages\/332\/revisions"}],"predecessor-version":[{"id":563,"href":"https:\/\/www.areeproadattive.polimi.it\/index.php?rest_route=\/wp\/v2\/pages\/332\/revisions\/563"}],"wp:attachment":[{"href":"https:\/\/www.areeproadattive.polimi.it\/index.php?rest_route=%2Fwp%2Fv2%2Fmedia&parent=332"}],"curies":[{"name":"wp","href":"https:\/\/api.w.org\/{rel}","templated":true}]}}